{"id":1291,"date":"2024-05-07T18:42:07","date_gmt":"2024-05-07T18:42:07","guid":{"rendered":"https:\/\/demanpack.com\/?page_id=1291"},"modified":"2025-07-03T09:20:11","modified_gmt":"2025-07-03T09:20:11","slug":"perguntas-frequentes","status":"publish","type":"page","link":"https:\/\/demanpack.com\/pt\/perguntas-frequentes\/","title":{"rendered":"Perguntas frequentes"},"content":{"rendered":"<div class=\"fusion-fullwidth fullwidth-box fusion-builder-row-1 fusion-flex-container nonhundred-percent-fullwidth non-hundred-percent-height-scrolling\" style=\"--awb-border-radius-top-left:0px;--awb-border-radius-top-right:0px;--awb-border-radius-bottom-right:0px;--awb-border-radius-bottom-left:0px;--awb-padding-top:38px;--awb-padding-bottom:96px;--awb-background-color:var(--awb-color1);--awb-flex-wrap:wrap;\" ><div class=\"fusion-builder-row fusion-row fusion-flex-align-items-stretch fusion-flex-justify-content-center fusion-flex-content-wrap\" style=\"max-width:calc( 1200px + 24px );margin-left: calc(-24px \/ 2 );margin-right: calc(-24px \/ 2 );\"><div class=\"fusion-layout-column fusion_builder_column fusion-builder-column-0 fusion_builder_column_1_1 1_1 fusion-flex-column\" style=\"--awb-bg-size:cover;--awb-width-large:100%;--awb-spacing-right-large:0px;--awb-margin-bottom-large:96px;--awb-spacing-left-large:0px;--awb-width-medium:100%;--awb-order-medium:0;--awb-spacing-right-medium:0px;--awb-spacing-left-medium:0px;--awb-width-small:100%;--awb-order-small:0;--awb-spacing-right-small:12px;--awb-margin-bottom-small:64px;--awb-spacing-left-small:12px;\"><div class=\"fusion-column-wrapper fusion-column-has-shadow fusion-flex-justify-content-flex-start fusion-content-layout-column\"><div class=\"fusion-title title fusion-title-1 fusion-sep-none fusion-title-text fusion-title-size-five\"><h5 class=\"fusion-title-heading title-heading-left fusion-responsive-typography-calculated\" style=\"margin:0;--fontSize:24;--minFontSize:24;line-height:1.4;\"><a href=\"https:\/\/demanpack.com\/pt\/\"><span style=\"color: #000000;\">In\u00edcio<\/span><\/a> - FAQ<\/h5><\/div><div class=\"fusion-title title fusion-title-2 fusion-sep-none fusion-title-text fusion-title-size-two\"><h2 class=\"fusion-title-heading title-heading-left fusion-responsive-typography-calculated\" style=\"margin:0;--fontSize:50;line-height:1.3;\"><div class=\"fusion-title title fusion-title-3 fusion-sep-none fusion-title-text fusion-title-size-three\">\n<h3 class=\"fusion-title-heading title-heading-left fusion-responsive-typography-calculated\">Perguntas mais frequentes<\/h3>\n<\/div><\/h2><\/div><div class=\"fusion-text fusion-text-1 sm-text-align-center\" style=\"--awb-font-size:24px;--awb-line-height:1.4;--awb-letter-spacing:-0.016em;--awb-text-transform:var(--awb-typography2-text-transform);--awb-text-color:#1d1d1f;\"><p>Estas perguntas abordam os t\u00f3picos mais frequentemente solicitados pelos nossos clientes. Esperamos que estas respostas ajudem a melhorar a sua experi\u00eancia de costura!<br class=\"container-Vdm5p7 wrapper-_7axQ_ undefined\" \/>N\u00e3o hesite em sugerir quaisquer dicas adicionais que gostaria de ver inclu\u00eddas nesta p\u00e1gina.<\/p>\n<\/div><div class=\"accordian fusion-accordian\" style=\"--awb-border-size:1px;--awb-icon-size:16px;--awb-content-font-size:var(--awb-typography4-font-size);--awb-icon-alignment:left;--awb-hover-color:var(--awb-color2);--awb-border-color:var(--awb-color1);--awb-background-color:rgba(213,225,239,0.52);--awb-divider-color:var(--awb-color3);--awb-divider-hover-color:var(--awb-color3);--awb-icon-color:var(--awb-color1);--awb-title-color:var(--awb-color8);--awb-content-color:var(--awb-color8);--awb-icon-box-color:var(--awb-color4);--awb-toggle-hover-accent-color:var(--awb-color5);--awb-title-font-family:&quot;Plus Jakarta Sans&quot;;--awb-title-font-weight:700;--awb-title-font-style:normal;--awb-content-font-family:var(--awb-typography4-font-family);--awb-content-font-weight:var(--awb-typography4-font-weight);--awb-content-font-style:var(--awb-typography4-font-style);\"><div class=\"panel-group fusion-toggle-icon-boxed\" id=\"accordion-1291-1\"><div class=\"fusion-panel panel-default panel-39216407736bacac4 fusion-toggle-no-divider fusion-toggle-boxed-mode\"><div class=\"panel-heading\"><h4 class=\"panel-title toggle\" id=\"toggle_39216407736bacac4\"><a aria-expanded=\"false\" aria-controls=\"39216407736bacac4\" role=\"button\" data-toggle=\"collapse\" data-parent=\"#accordion-1291-1\" data-target=\"#39216407736bacac4\" href=\"#39216407736bacac4\"><span class=\"fusion-toggle-icon-wrapper\" aria-hidden=\"true\"><i class=\"fa-fusion-box active-icon awb-icon-minus\" aria-hidden=\"true\"><\/i><i class=\"fa-fusion-box inactive-icon awb-icon-plus\" aria-hidden=\"true\"><\/i><\/span><span class=\"fusion-toggle-heading\">Quer a sua empresa seja uma empresa comercial ou um fabricante?<\/span><\/a><\/h4><\/div><div id=\"39216407736bacac4\" class=\"panel-collapse collapse\" aria-labelledby=\"toggle_39216407736bacac4\"><div class=\"panel-body toggle-content fusion-clearfix\">\n<div class=\"auto-hide-last-sibling-br paragraph-Oc488D paragraph-element br-paragraph-space\">Henan Deman Packing Co., Ltd., um fabricante sediado em Xinxiang, Henan, China, tem uma hist\u00f3ria de quase 30 anos. Come\u00e7ando como uma pequena empresa familiar de produ\u00e7\u00e3o de fios de poli\u00e9ster, torn\u00e1mo-nos numa empresa orientada para a produ\u00e7\u00e3o em grande escala, com cerca de 800 funcion\u00e1rios. Ao contr\u00e1rio das empresas comerciais, a Deman oferece produtos diretamente da nossa pr\u00f3pria f\u00e1brica, assegurando uma qualidade garantida.<\/div>\n<p>&nbsp;<\/p>\n<div class=\"auto-hide-last-sibling-br paragraph-Oc488D paragraph-element br-paragraph-space\">Equipados com um conjunto completo de linhas de produ\u00e7\u00e3o, estamos abertos a visitas \u00e0 f\u00e1brica. Para marcar uma reuni\u00e3o, envie-nos um e-mail para contact@demanpack.com.<\/div>\n<\/div><\/div><\/div><div class=\"fusion-panel panel-default panel-3a23986591d55fefe fusion-toggle-no-divider fusion-toggle-boxed-mode\"><div class=\"panel-heading\"><h4 class=\"panel-title toggle\" id=\"toggle_3a23986591d55fefe\"><a aria-expanded=\"false\" aria-controls=\"3a23986591d55fefe\" role=\"button\" data-toggle=\"collapse\" data-parent=\"#accordion-1291-1\" data-target=\"#3a23986591d55fefe\" href=\"#3a23986591d55fefe\"><span class=\"fusion-toggle-icon-wrapper\" aria-hidden=\"true\"><i class=\"fa-fusion-box active-icon awb-icon-minus\" aria-hidden=\"true\"><\/i><i class=\"fa-fusion-box inactive-icon awb-icon-plus\" aria-hidden=\"true\"><\/i><\/span><span class=\"fusion-toggle-heading\">Qual \u00e9 a diferen\u00e7a entre a linha de costura e a linha de fecho de sacos?<\/span><\/a><\/h4><\/div><div id=\"3a23986591d55fefe\" class=\"panel-collapse collapse\" aria-labelledby=\"toggle_3a23986591d55fefe\"><div class=\"panel-body toggle-content fusion-clearfix\">\n<div class=\"auto-hide-last-sibling-br paragraph-Oc488D paragraph-element br-paragraph-space\">\n<div class=\"auto-hide-last-sibling-br paragraph-Oc488D paragraph-element br-paragraph-space\">As nossas linhas de costura de poli\u00e9ster s\u00e3o principalmente concebidas para utiliza\u00e7\u00e3o em f\u00e1bricas de tingimento, empresas de linhas e na ind\u00fastria do vestu\u00e1rio. Entretanto, as linhas de fecho de sacos da Deman utilizam a mesma fibra descont\u00ednua de poli\u00e9ster, mas servem um sector diferente - o das embalagens. Especificamente, s\u00e3o adequadas para selar sacos de papel de paredes m\u00faltiplas para trabalhos pesados, sacos Raschel, sacos de polipropileno tecido (BOPP) e outros contentores que cont\u00eam mercadorias como sementes, ra\u00e7\u00f5es para animais de grande porte, carv\u00e3o, arroz, cimento, frutas, etc.<\/div>\n<p>&nbsp;<\/p>\n<div class=\"auto-hide-last-sibling-br paragraph-Oc488D paragraph-element br-paragraph-space\">Visualmente, as linhas de costura s\u00e3o mais finas, enquanto as linhas de fecho dos sacos s\u00e3o mais grossas e fortes.<\/div>\n<\/div>\n<p>&nbsp;<\/p>\n<div class=\"auto-hide-last-sibling-br paragraph-Oc488D paragraph-element br-paragraph-space\">Equipados com um conjunto completo de linhas de produ\u00e7\u00e3o, estamos abertos a visitas \u00e0 f\u00e1brica. Para marcar uma reuni\u00e3o, envie-nos um e-mail para contact@demanpack.com.<\/div>\n<\/div><\/div><\/div><div class=\"fusion-panel panel-default panel-a72f85a33db5cb404 fusion-toggle-no-divider fusion-toggle-boxed-mode\"><div class=\"panel-heading\"><h4 class=\"panel-title toggle\" id=\"toggle_a72f85a33db5cb404\"><a aria-expanded=\"false\" aria-controls=\"a72f85a33db5cb404\" role=\"button\" data-toggle=\"collapse\" data-parent=\"#accordion-1291-1\" data-target=\"#a72f85a33db5cb404\" href=\"#a72f85a33db5cb404\"><span class=\"fusion-toggle-icon-wrapper\" aria-hidden=\"true\"><i class=\"fa-fusion-box active-icon awb-icon-minus\" aria-hidden=\"true\"><\/i><i class=\"fa-fusion-box inactive-icon awb-icon-plus\" aria-hidden=\"true\"><\/i><\/span><span class=\"fusion-toggle-heading\">Como podemos escolher a linha de costura para sacos adequada ao nosso processo de produ\u00e7\u00e3o?<\/span><\/a><\/h4><\/div><div id=\"a72f85a33db5cb404\" class=\"panel-collapse collapse\" aria-labelledby=\"toggle_a72f85a33db5cb404\"><div class=\"panel-body toggle-content fusion-clearfix\">\n<div class=\"auto-hide-last-sibling-br paragraph-Oc488D paragraph-element br-paragraph-space\">\n<p>Esta \u00e9 uma quest\u00e3o pr\u00e1tica, n\u00e3o \u00e9? Para os consum\u00edveis, todos os operadores econ\u00f3micos procuram produtos que aumentem a efici\u00eancia e reduzam os custos. Estamos aqui para o orientar.<\/p>\n<div class=\"auto-hide-last-sibling-br paragraph-Oc488D paragraph-element br-paragraph-space\">Agora, vamos apresentar os nossos principais produtos de linhas de costura: Ne10\/2, Ne10\/3, Ne10\/4, Ne12\/4, Ne12\/5, Ne20\/6, Ne20\/7, Ne20\/8, Ne20\/2, Ne20\/3, Ne30\/2, Ne40\/2, etc. Regra geral, quanto mais fino \u00e9 o fio, menor \u00e9 a sua resist\u00eancia; pelo contr\u00e1rio, os fios mais grossos t\u00eam uma for\u00e7a de rutura mais elevada.<\/div>\n<div><\/div>\n<div class=\"auto-hide-last-sibling-br paragraph-Oc488D paragraph-element br-paragraph-space\">Para coser sacos leves, escolha linhas mais finas (que oferecem um comprimento maior). Para aplica\u00e7\u00f5es pesadas, como sacos de cimento ou de arroz, opte por linhas mais grossas para evitar que se partam.<\/div>\n<div><\/div>\n<div class=\"auto-hide-last-sibling-br paragraph-Oc488D paragraph-element br-paragraph-space\">Para al\u00e9m disso, combine sempre a sua linha de costura com a agulha e a m\u00e1quina de costura adequadas.<\/div>\n<div><\/div>\n<div class=\"auto-hide-last-sibling-br paragraph-Oc488D paragraph-element br-paragraph-space\">Para mais informa\u00e7\u00f5es ou conselhos personalizados, contacte-nos. Teremos todo o gosto em responder a todas as suas quest\u00f5es.<\/div>\n<\/div>\n<\/div><\/div><\/div><div class=\"fusion-panel panel-default panel-868377c08f9c03320 fusion-toggle-no-divider fusion-toggle-boxed-mode\"><div class=\"panel-heading\"><h4 class=\"panel-title toggle\" id=\"toggle_868377c08f9c03320\"><a aria-expanded=\"false\" aria-controls=\"868377c08f9c03320\" role=\"button\" data-toggle=\"collapse\" data-parent=\"#accordion-1291-1\" data-target=\"#868377c08f9c03320\" href=\"#868377c08f9c03320\"><span class=\"fusion-toggle-icon-wrapper\" aria-hidden=\"true\"><i class=\"fa-fusion-box active-icon awb-icon-minus\" aria-hidden=\"true\"><\/i><i class=\"fa-fusion-box inactive-icon awb-icon-plus\" aria-hidden=\"true\"><\/i><\/span><span class=\"fusion-toggle-heading\">O seu conjunto de fios de fecho de sacos para a nossa m\u00e1quina de fecho de sacos?<\/span><\/a><\/h4><\/div><div id=\"868377c08f9c03320\" class=\"panel-collapse collapse\" aria-labelledby=\"toggle_868377c08f9c03320\"><div class=\"panel-body toggle-content fusion-clearfix\">\n<div class=\"auto-hide-last-sibling-br paragraph-Oc488D paragraph-element br-paragraph-space\">\n<p>As linhas de fecho de sacos DEMAN s\u00e3o compat\u00edveis com a maioria das m\u00e1quinas de costura de marca. Qual \u00e9 a marca da m\u00e1quina que utiliza? Informe-nos: Fischbein, Newlong, Union-Special, Yao-Han, JACK, etc. Basta indicar o modelo da m\u00e1quina, por exemplo:<\/p>\n<p>&nbsp;<\/p>\n<ul class=\"auto-hide-last-sibling-br\">\n<li>Fischbein: Empress 100, 101 (fita), 200 (HS), 201 (HStape), Modelo F<\/li>\n<li>Union Special: BC200 (UHS), BC-e 200, 80800, 2200, 3000, 4000, 5200<\/li>\n<li>Newlong: DS11 (=Doboy D95), Ind. DS-9C (HS), DS-9A, DS2(II), DS6AC, DS-7C, NP-7A, NP-3(II), NP-8, GK26-1A<\/li>\n<li>Siruba: AA6<\/li>\n<li>GK9-2<\/li>\n<\/ul>\n<p>&nbsp;<\/p>\n<div class=\"auto-hide-last-sibling-br paragraph-Oc488D paragraph-element br-paragraph-space\">J\u00e1 teve problemas de quebra de linha durante a costura a alta velocidade (mas n\u00e3o a velocidades normais)? N\u00e3o se preocupe - utilizamos lubrifica\u00e7\u00e3o de qualidade alimentar para resolver este problema.<\/div>\n<div><\/div>\n<div class=\"auto-hide-last-sibling-br paragraph-Oc488D paragraph-element br-paragraph-space\">Para mais informa\u00e7\u00f5es, contactar a nossa equipa de pr\u00e9-venda em contact@demanpack.com. Obrigado!<\/div>\n<\/div>\n<\/div><\/div><\/div><\/div><\/div><\/div><\/div><div class=\"fusion-layout-column fusion_builder_column fusion-builder-column-1 fusion_builder_column_1_3 1_3 fusion-flex-column fusion-column-inner-bg-wrapper\" style=\"--awb-padding-top:40px;--awb-padding-right:40px;--awb-padding-bottom:40px;--awb-padding-left:40px;--awb-overflow:hidden;--awb-inner-bg-color:#1d1d1f;--awb-inner-bg-color-hover:#1d1d1f;--awb-inner-bg-size:cover;--awb-border-radius:24px 24px 24px 24px;--awb-inner-bg-border-radius:24px 24px 24px 24px;--awb-inner-bg-overflow:hidden;--awb-width-large:33.333333333333%;--awb-spacing-right-large:12px;--awb-margin-bottom-large:0px;--awb-spacing-left-large:12px;--awb-width-medium:50%;--awb-order-medium:0;--awb-spacing-right-medium:12px;--awb-spacing-left-medium:12px;--awb-width-small:100%;--awb-order-small:0;--awb-spacing-right-small:12px;--awb-spacing-left-small:12px;\"><span class=\"fusion-column-inner-bg hover-type-zoomin\"><span class=\"fusion-column-anchor\"><span class=\"fusion-column-inner-bg-image\"><\/span><\/span><\/span><div class=\"fusion-column-wrapper fusion-column-has-shadow fusion-flex-justify-content-space-between fusion-content-layout-column\"><div class=\"fusion-title title fusion-title-3 fusion-sep-none fusion-title-center fusion-title-text fusion-title-size-three\" style=\"--awb-text-color:#ffffff;--awb-margin-top-small:0px;--awb-sep-color:#e8e9ea;--awb-font-size:20px;\"><h3 class=\"fusion-title-heading title-heading-center fusion-responsive-typography-calculated\" style=\"font-family:&quot;Inter&quot;;font-style:normal;font-weight:500;margin:0;font-size:1em;letter-spacing:-0.014em;text-transform:capitalize;--fontSize:20;--minFontSize:20;line-height:1.48;\">100% fio de poli\u00e9ster<\/h3><\/div><div class=\"fusion-image-element\" style=\"text-align:center;--awb-aspect-ratio: 100 \/ 119;--awb-margin-top-medium:64px;--awb-margin-bottom-medium:64px;--awb-margin-top-small:48px;--awb-max-width:232px;--awb-caption-title-font-family:var(--h2_typography-font-family);--awb-caption-title-font-weight:var(--h2_typography-font-weight);--awb-caption-title-font-style:var(--h2_typography-font-style);--awb-caption-title-size:var(--h2_typography-font-size);--awb-caption-title-transform:var(--h2_typography-text-transform);--awb-caption-title-line-height:var(--h2_typography-line-height);--awb-caption-title-letter-spacing:var(--h2_typography-letter-spacing);\"><div style=\"display:inline-block;width:232px;\"><span class=\"fusion-imageframe imageframe-none imageframe-1 hover-type-none has-aspect-ratio\"><img decoding=\"async\" width=\"128\" height=\"128\" title=\"fio\" src=\"data:image\/svg+xml,%3Csvg%20xmlns%3D%27http%3A%2F%2Fwww.w3.org%2F2000%2Fsvg%27%20width%3D%27128%27%20height%3D%27128%27%20viewBox%3D%270%200%20128%20128%27%3E%3Crect%20width%3D%27128%27%20height%3D%27128%27%20fill-opacity%3D%220%22%2F%3E%3C%2Fsvg%3E\" data-orig-src=\"https:\/\/demanpack.com\/wp-content\/uploads\/2025\/04\/thread.png\" class=\"lazyload img-responsive wp-image-2696 img-with-aspect-ratio\" alt \/><\/span><\/div><\/div><div class=\"fusion-text fusion-text-2\" style=\"--awb-content-alignment:center;--awb-text-color:#ffffff;\"><p>N\u00edvel de qualidade superior. Est\u00e3o dispon\u00edveis v\u00e1rios modelos para sele\u00e7\u00e3o.<\/p>\n<\/div><\/div><\/div><div class=\"fusion-layout-column fusion_builder_column fusion-builder-column-2 fusion_builder_column_1_3 1_3 fusion-flex-column fusion-column-inner-bg-wrapper\" style=\"--awb-padding-top:40px;--awb-padding-right:40px;--awb-padding-bottom:40px;--awb-padding-left:40px;--awb-overflow:hidden;--awb-inner-bg-color:#ffffff;--awb-inner-bg-color-hover:#ffffff;--awb-inner-bg-size:cover;--awb-border-radius:24px 24px 24px 24px;--awb-inner-bg-border-radius:24px 24px 24px 24px;--awb-inner-bg-overflow:hidden;--awb-width-large:33.333333333333%;--awb-spacing-right-large:12px;--awb-margin-bottom-large:0px;--awb-spacing-left-large:12px;--awb-width-medium:50%;--awb-order-medium:0;--awb-spacing-right-medium:12px;--awb-spacing-left-medium:12px;--awb-width-small:100%;--awb-order-small:0;--awb-spacing-right-small:12px;--awb-spacing-left-small:12px;\"><span class=\"fusion-column-inner-bg hover-type-zoomin\"><span class=\"fusion-column-anchor\"><span class=\"fusion-column-inner-bg-image\"><\/span><\/span><\/span><div class=\"fusion-column-wrapper fusion-column-has-shadow fusion-flex-justify-content-space-between fusion-content-layout-column\"><div class=\"fusion-title title fusion-title-4 fusion-sep-none fusion-title-center fusion-title-text fusion-title-size-three\" style=\"--awb-text-color:#1d1d1f;--awb-margin-top-small:0px;--awb-sep-color:#e8e9ea;--awb-font-size:20px;\"><h3 class=\"fusion-title-heading title-heading-center fusion-responsive-typography-calculated\" style=\"font-family:&quot;Inter&quot;;font-style:normal;font-weight:500;margin:0;font-size:1em;letter-spacing:-0.014em;text-transform:capitalize;--fontSize:20;--minFontSize:20;line-height:1.48;\">Linha de costura para sacos<\/h3><\/div><div class=\"fusion-title title fusion-title-5 fusion-sep-none fusion-title-center fusion-title-text fusion-title-size-div\" style=\"--awb-text-color:#1d1d1f;--awb-margin-bottom:0px;--awb-sep-color:#e8e9ea;--awb-font-size:80px;\"><div class=\"fusion-title-heading title-heading-center title-heading-tag fusion-responsive-typography-calculated\" style=\"font-family:&quot;Inter&quot;;font-style:normal;font-weight:800;margin:0;font-size:1em;letter-spacing:-0.03em;text-transform:capitalize;--fontSize:80;line-height:1.16;\">10% Superior<\/div><\/div><div class=\"fusion-text fusion-text-3 fusion-text-no-margin\" style=\"--awb-content-alignment:center;--awb-font-size:16px;--awb-line-height:1.4;--awb-letter-spacing:0px;--awb-text-transform:var(--awb-typography4-text-transform);--awb-text-color:#1d1d1f;--awb-margin-bottom:0px;--awb-text-font-family:&quot;Inter&quot;;--awb-text-font-style:normal;--awb-text-font-weight:400;\"><p>Resist\u00eancia \u00e0 rutura superior \u00e0 de outros fornecedores<\/p>\n<\/div><div class=\"fusion-title title fusion-title-6 fusion-sep-none fusion-title-center fusion-title-text fusion-title-size-div\" style=\"--awb-text-color:#1d1d1f;--awb-margin-bottom:0px;--awb-margin-top-small:48px;--awb-sep-color:#e8e9ea;--awb-font-size:80px;\"><div class=\"fusion-title-heading title-heading-center title-heading-tag fusion-responsive-typography-calculated\" style=\"font-family:&quot;Inter&quot;;font-style:normal;font-weight:800;margin:0;font-size:1em;letter-spacing:-0.03em;text-transform:capitalize;--fontSize:80;line-height:1.16;\">Pr\u00e9mio<\/div><\/div><div class=\"fusion-text fusion-text-4\" style=\"--awb-content-alignment:center;--awb-font-size:16px;--awb-line-height:1.4;--awb-letter-spacing:0px;--awb-text-transform:var(--awb-typography4-text-transform);--awb-text-color:#1d1d1f;--awb-text-font-family:&quot;Inter&quot;;--awb-text-font-style:normal;--awb-text-font-weight:400;\"><p>Fio de n\u00edvel de alta qualidade<\/p>\n<\/div><\/div><\/div><div class=\"fusion-layout-column fusion_builder_column fusion-builder-column-3 fusion_builder_column_1_3 1_3 fusion-flex-column fusion-column-inner-bg-wrapper\" style=\"--awb-padding-top:40px;--awb-padding-right:24px;--awb-padding-bottom:80px;--awb-padding-left:22px;--awb-padding-bottom-medium:112px;--awb-padding-bottom-small:116px;--awb-overflow:hidden;--awb-inner-bg-color:#fbc537;--awb-inner-bg-color-hover:#fbc537;--awb-inner-bg-image:linear-gradient(136deg, #fbc537 50%,hsla(calc(43 + 5),calc(96% + 10%),60%,100%) 100%);--awb-inner-bg-size:cover;--awb-border-radius:24px 24px 24px 24px;--awb-inner-bg-border-radius:24px 24px 24px 24px;--awb-inner-bg-overflow:hidden;--awb-width-large:33.333333333333%;--awb-spacing-right-large:12px;--awb-margin-bottom-large:0px;--awb-spacing-left-large:12px;--awb-width-medium:100%;--awb-order-medium:0;--awb-spacing-right-medium:12px;--awb-spacing-left-medium:12px;--awb-width-small:100%;--awb-order-small:0;--awb-spacing-right-small:12px;--awb-spacing-left-small:12px;\"><span class=\"fusion-column-inner-bg hover-type-zoomin\"><span class=\"fusion-column-anchor\"><span class=\"fusion-column-inner-bg-image\"><\/span><\/span><\/span><div class=\"fusion-column-wrapper fusion-column-has-shadow fusion-flex-justify-content-flex-start fusion-content-layout-column\"><div class=\"fusion-title title fusion-title-7 fusion-sep-none fusion-title-center fusion-title-text fusion-title-size-three\" style=\"--awb-text-color:#1d1d1f;--awb-margin-bottom:72px;--awb-margin-top-small:0px;--awb-margin-bottom-medium:48px;--awb-sep-color:#e8e9ea;--awb-font-size:20px;\"><h3 class=\"fusion-title-heading title-heading-center fusion-responsive-typography-calculated\" style=\"font-family:&quot;Inter&quot;;font-style:normal;font-weight:500;margin:0;font-size:1em;letter-spacing:-0.014em;text-transform:capitalize;--fontSize:20;--minFontSize:20;line-height:1.48;\">Solu\u00e7\u00e3o de embalagem<\/h3><\/div><i class=\"fb-icon-element-1 fb-icon-element fontawesome-icon icon-accountant-chart-2 circle-no fusion-text-flow\" style=\"--awb-iconcolor:#1d1d1f;--awb-iconcolor-hover:#1d1d1f;--awb-circlecolor:#ffffff;--awb-font-size:56px;--awb-margin-right:28px;--awb-md-align-self:center;\"><\/i><div class=\"fusion-title title fusion-title-8 fusion-sep-none fusion-title-center fusion-title-text fusion-title-size-four\" style=\"--awb-text-color:#1d1d1f;--awb-sep-color:#e8e9ea;--awb-font-size:48px;\"><h4 class=\"fusion-title-heading title-heading-center fusion-responsive-typography-calculated\" style=\"font-family:&quot;Inter&quot;;font-style:normal;font-weight:800;margin:0;font-size:1em;letter-spacing:-0.03em;text-transform:capitalize;--fontSize:48;line-height:1.16;\">Produtos selecionados DEMAN<\/h4><\/div><div class=\"fusion-text fusion-text-5\"><p style=\"text-align: center;\">M\u00e1quinas de fecho de sacos<\/p>\n<p style=\"text-align: center;\">Materiais de embalagem<\/p>\n<\/div><\/div><\/div><\/div><\/div>","protected":false},"excerpt":{"rendered":"","protected":false},"author":1,"featured_media":0,"parent":0,"menu_order":0,"comment_status":"closed","ping_status":"closed","template":"100-width.php","meta":{"_acf_changed":false,"footnotes":""},"class_list":["post-1291","page","type-page","status-publish","hentry"],"acf":[],"_links":{"self":[{"href":"https:\/\/demanpack.com\/pt\/wp-json\/wp\/v2\/pages\/1291","targetHints":{"allow":["GET"]}}],"collection":[{"href":"https:\/\/demanpack.com\/pt\/wp-json\/wp\/v2\/pages"}],"about":[{"href":"https:\/\/demanpack.com\/pt\/wp-json\/wp\/v2\/types\/page"}],"author":[{"embeddable":true,"href":"https:\/\/demanpack.com\/pt\/wp-json\/wp\/v2\/users\/1"}],"replies":[{"embeddable":true,"href":"https:\/\/demanpack.com\/pt\/wp-json\/wp\/v2\/comments?post=1291"}],"version-history":[{"count":6,"href":"https:\/\/demanpack.com\/pt\/wp-json\/wp\/v2\/pages\/1291\/revisions"}],"predecessor-version":[{"id":3258,"href":"https:\/\/demanpack.com\/pt\/wp-json\/wp\/v2\/pages\/1291\/revisions\/3258"}],"wp:attachment":[{"href":"https:\/\/demanpack.com\/pt\/wp-json\/wp\/v2\/media?parent=1291"}],"curies":[{"name":"wp","href":"https:\/\/api.w.org\/{rel}","templated":true}]}}